{"id":1925,"date":"2022-03-24T19:44:57","date_gmt":"2022-03-24T19:44:57","guid":{"rendered":"https:\/\/metaladm.com.br\/site\/?page_id=1925"},"modified":"2022-03-25T17:43:22","modified_gmt":"2022-03-25T17:43:22","slug":"grelhas","status":"publish","type":"page","link":"https:\/\/metaladm.com.br\/site\/grelhas\/","title":{"rendered":"Grelhas"},"content":{"rendered":"\t\t<div data-elementor-type=\"wp-page\" data-elementor-id=\"1925\" class=\"elementor elementor-1925\">\n\t\t\t\t\t\t<section class=\"elementor-section elementor-top-section elementor-element elementor-element-f7a4df3 elementor-section-full_width elementor-section-height-default elementor-section-height-default\" data-id=\"f7a4df3\" data-element_type=\"section\" data-e-type=\"section\">\n\t\t\t\t\t\t<div class=\"elementor-container elementor-column-gap-default\">\n\t\t\t\t\t<div class=\"elementor-column elementor-col-50 elementor-top-column elementor-element elementor-element-8454a5a\" data-id=\"8454a5a\" data-element_type=\"column\" data-e-type=\"column\" data-settings=\"{&quot;background_background&quot;:&quot;classic&quot;}\">\n\t\t\t<div class=\"elementor-widget-wrap elementor-element-populated\">\n\t\t\t\t\t\t<div class=\"elementor-element elementor-element-0bfafef elementor-widget elementor-widget-spacer\" data-id=\"0bfafef\" data-element_type=\"widget\" data-e-type=\"widget\" data-widget_type=\"spacer.default\">\n\t\t\t\t<div class=\"elementor-widget-container\">\n\t\t\t\t\t\t\t<div class=\"elementor-spacer\">\n\t\t\t<div class=\"elementor-spacer-inner\"><\/div>\n\t\t<\/div>\n\t\t\t\t\t\t<\/div>\n\t\t\t\t<\/div>\n\t\t\t\t\t<\/div>\n\t\t<\/div>\n\t\t\t\t<div class=\"elementor-column elementor-col-50 elementor-top-column elementor-element elementor-element-0688651\" data-id=\"0688651\" data-element_type=\"column\" data-e-type=\"column\" data-settings=\"{&quot;background_background&quot;:&quot;classic&quot;}\">\n\t\t\t<div class=\"elementor-widget-wrap elementor-element-populated\">\n\t\t\t\t\t\t<section class=\"elementor-section elementor-inner-section elementor-element elementor-element-b2ee037 elementor-section-boxed elementor-section-height-default elementor-section-height-default\" data-id=\"b2ee037\" data-element_type=\"section\" data-e-type=\"section\">\n\t\t\t\t\t\t<div class=\"elementor-container elementor-column-gap-default\">\n\t\t\t\t\t<div class=\"elementor-column elementor-col-100 elementor-inner-column elementor-element elementor-element-3e3f471\" data-id=\"3e3f471\" data-element_type=\"column\" data-e-type=\"column\">\n\t\t\t<div class=\"elementor-widget-wrap elementor-element-populated\">\n\t\t\t\t\t\t<div class=\"elementor-element elementor-element-ca8c4c8 elementor-widget elementor-widget-image\" data-id=\"ca8c4c8\" data-element_type=\"widget\" data-e-type=\"widget\" data-widget_type=\"image.default\">\n\t\t\t\t<div class=\"elementor-widget-container\">\n\t\t\t\t\t\t\t\t\t\t\t\t\t\t\t<img fetchpriority=\"high\" decoding=\"async\" width=\"284\" height=\"285\" src=\"https:\/\/metaladm.com.br\/site\/wp-content\/uploads\/2022\/03\/grelhas.png\" class=\"attachment-medium size-medium wp-image-1929\" alt=\"\" srcset=\"https:\/\/metaladm.com.br\/site\/wp-content\/uploads\/2022\/03\/grelhas.png 284w, https:\/\/metaladm.com.br\/site\/wp-content\/uploads\/2022\/03\/grelhas-150x150.png 150w, https:\/\/metaladm.com.br\/site\/wp-content\/uploads\/2022\/03\/grelhas-230x231.png 230w\" sizes=\"(max-width: 284px) 100vw, 284px\" \/>\t\t\t\t\t\t\t\t\t\t\t\t\t\t\t<\/div>\n\t\t\t\t<\/div>\n\t\t\t\t\t<\/div>\n\t\t<\/div>\n\t\t\t\t\t<\/div>\n\t\t<\/section>\n\t\t\t\t\t<\/div>\n\t\t<\/div>\n\t\t\t\t\t<\/div>\n\t\t<\/section>\n\t\t\t\t<section class=\"elementor-section elementor-top-section elementor-element elementor-element-f9a0b8c elementor-section-full_width elementor-section-content-middle elementor-reverse-mobile elementor-section-height-default elementor-section-height-default\" data-id=\"f9a0b8c\" data-element_type=\"section\" data-e-type=\"section\">\n\t\t\t\t\t\t<div class=\"elementor-container elementor-column-gap-default\">\n\t\t\t\t\t<div class=\"elementor-column elementor-col-50 elementor-top-column elementor-element elementor-element-3fa9cf2\" data-id=\"3fa9cf2\" data-element_type=\"column\" data-e-type=\"column\" data-settings=\"{&quot;background_background&quot;:&quot;classic&quot;}\">\n\t\t\t<div class=\"elementor-widget-wrap elementor-element-populated\">\n\t\t\t\t\t\t<section class=\"elementor-section elementor-inner-section elementor-element elementor-element-6bcfcf5 elementor-section-boxed elementor-section-height-default elementor-section-height-default\" data-id=\"6bcfcf5\" data-element_type=\"section\" data-e-type=\"section\">\n\t\t\t\t\t\t<div class=\"elementor-container elementor-column-gap-default\">\n\t\t\t\t\t<div class=\"elementor-column elementor-col-100 elementor-inner-column elementor-element elementor-element-ba0dcdd\" data-id=\"ba0dcdd\" data-element_type=\"column\" data-e-type=\"column\">\n\t\t\t<div class=\"elementor-widget-wrap elementor-element-populated\">\n\t\t\t\t\t\t<div class=\"elementor-element elementor-element-2d577df elementor-widget elementor-widget-heading\" data-id=\"2d577df\" data-element_type=\"widget\" data-e-type=\"widget\" data-widget_type=\"heading.default\">\n\t\t\t\t<div class=\"elementor-widget-container\">\n\t\t\t\t\t<div class=\"elementor-heading-title elementor-size-default\">Tudo para seu churrasco<\/div>\t\t\t\t<\/div>\n\t\t\t\t<\/div>\n\t\t\t\t\t<\/div>\n\t\t<\/div>\n\t\t\t\t\t<\/div>\n\t\t<\/section>\n\t\t\t\t\t<\/div>\n\t\t<\/div>\n\t\t\t\t<div class=\"elementor-column elementor-col-50 elementor-top-column elementor-element elementor-element-ee8684f\" data-id=\"ee8684f\" data-element_type=\"column\" data-e-type=\"column\" data-settings=\"{&quot;background_background&quot;:&quot;classic&quot;}\">\n\t\t\t<div class=\"elementor-widget-wrap elementor-element-populated\">\n\t\t\t\t\t\t<section class=\"elementor-section elementor-inner-section elementor-element elementor-element-bf2396f elementor-section-boxed elementor-section-height-default elementor-section-height-default\" data-id=\"bf2396f\" data-element_type=\"section\" data-e-type=\"section\">\n\t\t\t\t\t\t<div class=\"elementor-container elementor-column-gap-default\">\n\t\t\t\t\t<div class=\"elementor-column elementor-col-100 elementor-inner-column elementor-element elementor-element-0cab44b\" data-id=\"0cab44b\" data-element_type=\"column\" data-e-type=\"column\">\n\t\t\t<div class=\"elementor-widget-wrap elementor-element-populated\">\n\t\t\t\t\t\t<div class=\"elementor-element elementor-element-9e1bb25 elementor-widget elementor-widget-heading\" data-id=\"9e1bb25\" data-element_type=\"widget\" data-e-type=\"widget\" data-widget_type=\"heading.default\">\n\t\t\t\t<div class=\"elementor-widget-container\">\n\t\t\t\t\t<h2 class=\"elementor-heading-title elementor-size-default\">Grelhas<\/h2>\t\t\t\t<\/div>\n\t\t\t\t<\/div>\n\t\t\t\t\t<\/div>\n\t\t<\/div>\n\t\t\t\t\t<\/div>\n\t\t<\/section>\n\t\t\t\t\t<\/div>\n\t\t<\/div>\n\t\t\t\t\t<\/div>\n\t\t<\/section>\n\t\t\t\t<section class=\"elementor-section elementor-top-section elementor-element elementor-element-c883d4c elementor-section-boxed elementor-section-height-default elementor-section-height-default\" data-id=\"c883d4c\" data-element_type=\"section\" data-e-type=\"section\">\n\t\t\t\t\t\t<div class=\"elementor-container elementor-column-gap-default\">\n\t\t\t\t\t<div class=\"elementor-column elementor-col-100 elementor-top-column elementor-element elementor-element-263ce12\" data-id=\"263ce12\" data-element_type=\"column\" data-e-type=\"column\">\n\t\t\t<div class=\"elementor-widget-wrap elementor-element-populated\">\n\t\t\t\t\t\t<div class=\"elementor-element elementor-element-ef12740 elementor-widget elementor-widget-text-editor\" data-id=\"ef12740\" data-element_type=\"widget\" data-e-type=\"widget\" data-widget_type=\"text-editor.default\">\n\t\t\t\t<div class=\"elementor-widget-container\">\n\t\t\t\t\t\t\t\t\t<p>Existem algumas particularidades que tornam o churrasco ainda mais fant\u00e1stico. Seja a companhia, o tempero ou os utens\u00edlios. Com os espetos da ADM Metais, sem d\u00favida voc\u00ea vai surpreender e ter\u00e1 muito mais qualidade no seu assado.\u00a0<\/p>\t\t\t\t\t\t\t\t<\/div>\n\t\t\t\t<\/div>\n\t\t\t\t\t<\/div>\n\t\t<\/div>\n\t\t\t\t\t<\/div>\n\t\t<\/section>\n\t\t\t\t<section class=\"elementor-section elementor-top-section elementor-element elementor-element-9d7909c elementor-section-boxed elementor-section-height-default elementor-section-height-default\" data-id=\"9d7909c\" data-element_type=\"section\" data-e-type=\"section\">\n\t\t\t\t\t\t<div class=\"elementor-container elementor-column-gap-default\">\n\t\t\t\t\t<div class=\"elementor-column elementor-col-100 elementor-top-column elementor-element elementor-element-3f456c6\" data-id=\"3f456c6\" data-element_type=\"column\" data-e-type=\"column\">\n\t\t\t<div class=\"elementor-widget-wrap elementor-element-populated\">\n\t\t\t\t\t\t<div class=\"elementor-element elementor-element-bcde143 elementor-position-inline-start elementor-view-default elementor-mobile-position-block-start elementor-widget elementor-widget-icon-box\" data-id=\"bcde143\" data-element_type=\"widget\" data-e-type=\"widget\" data-widget_type=\"icon-box.default\">\n\t\t\t\t<div class=\"elementor-widget-container\">\n\t\t\t\t\t\t\t<div class=\"elementor-icon-box-wrapper\">\n\n\t\t\t\t\t\t<div class=\"elementor-icon-box-icon\">\n\t\t\t\t<span  class=\"elementor-icon\">\n\t\t\t\t<i aria-hidden=\"true\" class=\"fas fa-long-arrow-alt-down\"><\/i>\t\t\t\t<\/span>\n\t\t\t<\/div>\n\t\t\t\n\t\t\t\t\t\t<div class=\"elementor-icon-box-content\">\n\n\t\t\t\t\t\t\t\t\t<div class=\"elementor-icon-box-title\">\n\t\t\t\t\t\t<span  >\n\t\t\t\t\t\t\tEscolha uma das linhas e conhe\u00e7a melhor nossos produtos\t\t\t\t\t\t<\/span>\n\t\t\t\t\t<\/div>\n\t\t\t\t\n\t\t\t\t\n\t\t\t<\/div>\n\t\t\t\n\t\t<\/div>\n\t\t\t\t\t\t<\/div>\n\t\t\t\t<\/div>\n\t\t\t\t\t<\/div>\n\t\t<\/div>\n\t\t\t\t\t<\/div>\n\t\t<\/section>\n\t\t\t\t<section class=\"elementor-section elementor-top-section elementor-element elementor-element-b523ed7 elementor-section-boxed elementor-section-height-default elementor-section-height-default\" data-id=\"b523ed7\" data-element_type=\"section\" data-e-type=\"section\">\n\t\t\t\t\t\t<div class=\"elementor-container elementor-column-gap-default\">\n\t\t\t\t\t<div class=\"elementor-column elementor-col-33 elementor-top-column elementor-element elementor-element-28d2f2d\" data-id=\"28d2f2d\" data-element_type=\"column\" data-e-type=\"column\">\n\t\t\t<div class=\"elementor-widget-wrap elementor-element-populated\">\n\t\t\t\t\t\t<div class=\"elementor-element elementor-element-2891596 elementor-widget elementor-widget-image\" data-id=\"2891596\" data-element_type=\"widget\" data-e-type=\"widget\" data-widget_type=\"image.default\">\n\t\t\t\t<div class=\"elementor-widget-container\">\n\t\t\t\t\t\t\t\t\t\t\t\t\t\t\t\t<a href=\"https:\/\/metaladm.com.br\/site\/grelhas-aluminio\/\">\n\t\t\t\t\t\t\t<img decoding=\"async\" width=\"600\" height=\"600\" src=\"https:\/\/metaladm.com.br\/site\/wp-content\/uploads\/2022\/03\/ga1.png\" class=\"elementor-animation-grow attachment-large size-large wp-image-1937\" alt=\"\" srcset=\"https:\/\/metaladm.com.br\/site\/wp-content\/uploads\/2022\/03\/ga1.png 600w, https:\/\/metaladm.com.br\/site\/wp-content\/uploads\/2022\/03\/ga1-300x300.png 300w, https:\/\/metaladm.com.br\/site\/wp-content\/uploads\/2022\/03\/ga1-150x150.png 150w, https:\/\/metaladm.com.br\/site\/wp-content\/uploads\/2022\/03\/ga1-500x500.png 500w, https:\/\/metaladm.com.br\/site\/wp-content\/uploads\/2022\/03\/ga1-230x230.png 230w, https:\/\/metaladm.com.br\/site\/wp-content\/uploads\/2022\/03\/ga1-350x350.png 350w, https:\/\/metaladm.com.br\/site\/wp-content\/uploads\/2022\/03\/ga1-480x480.png 480w\" sizes=\"(max-width: 600px) 100vw, 600px\" \/>\t\t\t\t\t\t\t\t<\/a>\n\t\t\t\t\t\t\t\t\t\t\t\t\t\t\t<\/div>\n\t\t\t\t<\/div>\n\t\t\t\t<div class=\"elementor-element elementor-element-22adae4 elementor-widget elementor-widget-heading\" data-id=\"22adae4\" data-element_type=\"widget\" data-e-type=\"widget\" data-widget_type=\"heading.default\">\n\t\t\t\t<div class=\"elementor-widget-container\">\n\t\t\t\t\t<h4 class=\"elementor-heading-title elementor-size-default\"><a href=\"https:\/\/metaladm.com.br\/site\/grelhas-aluminio\/\">Alum\u00ednio<\/a><\/h4>\t\t\t\t<\/div>\n\t\t\t\t<\/div>\n\t\t\t\t\t<\/div>\n\t\t<\/div>\n\t\t\t\t<div class=\"elementor-column elementor-col-33 elementor-top-column elementor-element elementor-element-3d8b846\" data-id=\"3d8b846\" data-element_type=\"column\" data-e-type=\"column\">\n\t\t\t<div class=\"elementor-widget-wrap elementor-element-populated\">\n\t\t\t\t\t\t<div class=\"elementor-element elementor-element-9e74cb0 elementor-widget elementor-widget-image\" data-id=\"9e74cb0\" data-element_type=\"widget\" data-e-type=\"widget\" data-widget_type=\"image.default\">\n\t\t\t\t<div class=\"elementor-widget-container\">\n\t\t\t\t\t\t\t\t\t\t\t\t\t\t\t\t<a href=\"https:\/\/metaladm.com.br\/site\/grelhas-aco-inox\/\">\n\t\t\t\t\t\t\t<img decoding=\"async\" width=\"600\" height=\"600\" src=\"https:\/\/metaladm.com.br\/site\/wp-content\/uploads\/2022\/03\/gi1.png\" class=\"elementor-animation-grow attachment-large size-large wp-image-1940\" alt=\"\" srcset=\"https:\/\/metaladm.com.br\/site\/wp-content\/uploads\/2022\/03\/gi1.png 600w, https:\/\/metaladm.com.br\/site\/wp-content\/uploads\/2022\/03\/gi1-300x300.png 300w, https:\/\/metaladm.com.br\/site\/wp-content\/uploads\/2022\/03\/gi1-150x150.png 150w, https:\/\/metaladm.com.br\/site\/wp-content\/uploads\/2022\/03\/gi1-500x500.png 500w, https:\/\/metaladm.com.br\/site\/wp-content\/uploads\/2022\/03\/gi1-230x230.png 230w, https:\/\/metaladm.com.br\/site\/wp-content\/uploads\/2022\/03\/gi1-350x350.png 350w, https:\/\/metaladm.com.br\/site\/wp-content\/uploads\/2022\/03\/gi1-480x480.png 480w\" sizes=\"(max-width: 600px) 100vw, 600px\" \/>\t\t\t\t\t\t\t\t<\/a>\n\t\t\t\t\t\t\t\t\t\t\t\t\t\t\t<\/div>\n\t\t\t\t<\/div>\n\t\t\t\t<div class=\"elementor-element elementor-element-8371324 elementor-widget elementor-widget-heading\" data-id=\"8371324\" data-element_type=\"widget\" data-e-type=\"widget\" data-widget_type=\"heading.default\">\n\t\t\t\t<div class=\"elementor-widget-container\">\n\t\t\t\t\t<h4 class=\"elementor-heading-title elementor-size-default\"><a href=\"https:\/\/metaladm.com.br\/site\/grelhas-aco-inox\/\">Inox<\/a><\/h4>\t\t\t\t<\/div>\n\t\t\t\t<\/div>\n\t\t\t\t\t<\/div>\n\t\t<\/div>\n\t\t\t\t<div class=\"elementor-column elementor-col-33 elementor-top-column elementor-element elementor-element-da4d2b8\" data-id=\"da4d2b8\" data-element_type=\"column\" data-e-type=\"column\">\n\t\t\t<div class=\"elementor-widget-wrap elementor-element-populated\">\n\t\t\t\t\t\t<div class=\"elementor-element elementor-element-ff31794 elementor-widget elementor-widget-image\" data-id=\"ff31794\" data-element_type=\"widget\" data-e-type=\"widget\" data-widget_type=\"image.default\">\n\t\t\t\t<div class=\"elementor-widget-container\">\n\t\t\t\t\t\t\t\t\t\t\t\t\t\t\t\t<a href=\"https:\/\/metaladm.com.br\/site\/grelhas-estanhadas\/\">\n\t\t\t\t\t\t\t<img loading=\"lazy\" decoding=\"async\" width=\"600\" height=\"600\" src=\"https:\/\/metaladm.com.br\/site\/wp-content\/uploads\/2022\/03\/ge1.png\" class=\"elementor-animation-grow attachment-large size-large wp-image-1939\" alt=\"\" srcset=\"https:\/\/metaladm.com.br\/site\/wp-content\/uploads\/2022\/03\/ge1.png 600w, https:\/\/metaladm.com.br\/site\/wp-content\/uploads\/2022\/03\/ge1-300x300.png 300w, https:\/\/metaladm.com.br\/site\/wp-content\/uploads\/2022\/03\/ge1-150x150.png 150w, https:\/\/metaladm.com.br\/site\/wp-content\/uploads\/2022\/03\/ge1-500x500.png 500w, https:\/\/metaladm.com.br\/site\/wp-content\/uploads\/2022\/03\/ge1-230x230.png 230w, https:\/\/metaladm.com.br\/site\/wp-content\/uploads\/2022\/03\/ge1-350x350.png 350w, https:\/\/metaladm.com.br\/site\/wp-content\/uploads\/2022\/03\/ge1-480x480.png 480w\" sizes=\"(max-width: 600px) 100vw, 600px\" \/>\t\t\t\t\t\t\t\t<\/a>\n\t\t\t\t\t\t\t\t\t\t\t\t\t\t\t<\/div>\n\t\t\t\t<\/div>\n\t\t\t\t<div class=\"elementor-element elementor-element-deed2ff elementor-widget elementor-widget-heading\" data-id=\"deed2ff\" data-element_type=\"widget\" data-e-type=\"widget\" data-widget_type=\"heading.default\">\n\t\t\t\t<div class=\"elementor-widget-container\">\n\t\t\t\t\t<h4 class=\"elementor-heading-title elementor-size-default\"><a href=\"https:\/\/metaladm.com.br\/site\/grelhas-estanhadas\/\">Estanhada<\/a><\/h4>\t\t\t\t<\/div>\n\t\t\t\t<\/div>\n\t\t\t\t\t<\/div>\n\t\t<\/div>\n\t\t\t\t\t<\/div>\n\t\t<\/section>\n\t\t\t\t<\/div>\n\t\t","protected":false},"excerpt":{"rendered":"<p>Tudo para seu churrasco Grelhas Existem algumas particularidades que tornam o churrasco ainda mais fant\u00e1stico. Seja a companhia, o tempero ou os [&hellip;]<\/p>\n","protected":false},"author":10,"featured_media":0,"parent":0,"menu_order":0,"comment_status":"closed","ping_status":"closed","template":"elementor_header_footer","meta":{"_vp_format_video_url":"","_vp_image_focal_point":[],"footnotes":""},"class_list":["post-1925","page","type-page","status-publish","hentry"],"_links":{"self":[{"href":"https:\/\/metaladm.com.br\/site\/wp-json\/wp\/v2\/pages\/1925","targetHints":{"allow":["GET"]}}],"collection":[{"href":"https:\/\/metaladm.com.br\/site\/wp-json\/wp\/v2\/pages"}],"about":[{"href":"https:\/\/metaladm.com.br\/site\/wp-json\/wp\/v2\/types\/page"}],"author":[{"embeddable":true,"href":"https:\/\/metaladm.com.br\/site\/wp-json\/wp\/v2\/users\/10"}],"replies":[{"embeddable":true,"href":"https:\/\/metaladm.com.br\/site\/wp-json\/wp\/v2\/comments?post=1925"}],"version-history":[{"count":25,"href":"https:\/\/metaladm.com.br\/site\/wp-json\/wp\/v2\/pages\/1925\/revisions"}],"predecessor-version":[{"id":2072,"href":"https:\/\/metaladm.com.br\/site\/wp-json\/wp\/v2\/pages\/1925\/revisions\/2072"}],"wp:attachment":[{"href":"https:\/\/metaladm.com.br\/site\/wp-json\/wp\/v2\/media?parent=1925"}],"curies":[{"name":"wp","href":"https:\/\/api.w.org\/{rel}","templated":true}]}}