{"id":611,"date":"2019-11-20T20:38:27","date_gmt":"2019-11-20T20:38:27","guid":{"rendered":"https:\/\/metaladm.com.br\/site\/?page_id=611"},"modified":"2022-03-24T18:55:45","modified_gmt":"2022-03-24T18:55:45","slug":"protecao-pia","status":"publish","type":"page","link":"https:\/\/metaladm.com.br\/site\/protecao-pia\/","title":{"rendered":"protecao-pia"},"content":{"rendered":"\t\t<div data-elementor-type=\"wp-page\" data-elementor-id=\"611\" class=\"elementor elementor-611\">\n\t\t\t\t\t\t<section class=\"elementor-section elementor-top-section elementor-element elementor-element-1d9543f elementor-section-full_width elementor-section-height-default elementor-section-height-default\" data-id=\"1d9543f\" data-element_type=\"section\" data-e-type=\"section\">\n\t\t\t\t\t\t<div class=\"elementor-container elementor-column-gap-default\">\n\t\t\t\t\t<div class=\"elementor-column elementor-col-50 elementor-top-column elementor-element elementor-element-8fc8cc3\" data-id=\"8fc8cc3\" data-element_type=\"column\" data-e-type=\"column\" data-settings=\"{&quot;background_background&quot;:&quot;classic&quot;}\">\n\t\t\t<div class=\"elementor-widget-wrap elementor-element-populated\">\n\t\t\t\t\t\t<div class=\"elementor-element elementor-element-fee460d elementor-widget elementor-widget-spacer\" data-id=\"fee460d\" data-element_type=\"widget\" data-e-type=\"widget\" data-widget_type=\"spacer.default\">\n\t\t\t\t<div class=\"elementor-widget-container\">\n\t\t\t\t\t\t\t<div class=\"elementor-spacer\">\n\t\t\t<div class=\"elementor-spacer-inner\"><\/div>\n\t\t<\/div>\n\t\t\t\t\t\t<\/div>\n\t\t\t\t<\/div>\n\t\t\t\t\t<\/div>\n\t\t<\/div>\n\t\t\t\t<div class=\"elementor-column elementor-col-50 elementor-top-column elementor-element elementor-element-c5f92b6\" data-id=\"c5f92b6\" data-element_type=\"column\" data-e-type=\"column\" data-settings=\"{&quot;background_background&quot;:&quot;classic&quot;}\">\n\t\t\t<div class=\"elementor-widget-wrap elementor-element-populated\">\n\t\t\t\t\t\t<section class=\"elementor-section elementor-inner-section elementor-element elementor-element-f27b699 elementor-section-boxed elementor-section-height-default elementor-section-height-default\" data-id=\"f27b699\" data-element_type=\"section\" data-e-type=\"section\">\n\t\t\t\t\t\t<div class=\"elementor-container elementor-column-gap-default\">\n\t\t\t\t\t<div class=\"elementor-column elementor-col-100 elementor-inner-column elementor-element elementor-element-a892353\" data-id=\"a892353\" data-element_type=\"column\" data-e-type=\"column\">\n\t\t\t<div class=\"elementor-widget-wrap elementor-element-populated\">\n\t\t\t\t\t\t<div class=\"elementor-element elementor-element-6cb3186 elementor-widget elementor-widget-image\" data-id=\"6cb3186\" data-element_type=\"widget\" data-e-type=\"widget\" data-widget_type=\"image.default\">\n\t\t\t\t<div class=\"elementor-widget-container\">\n\t\t\t\t\t\t\t\t\t\t\t\t\t\t\t<img fetchpriority=\"high\" decoding=\"async\" width=\"284\" height=\"284\" src=\"https:\/\/metaladm.com.br\/site\/wp-content\/uploads\/2022\/03\/pias.png\" class=\"attachment-medium size-medium wp-image-1886\" alt=\"\" srcset=\"https:\/\/metaladm.com.br\/site\/wp-content\/uploads\/2022\/03\/pias.png 284w, https:\/\/metaladm.com.br\/site\/wp-content\/uploads\/2022\/03\/pias-150x150.png 150w, https:\/\/metaladm.com.br\/site\/wp-content\/uploads\/2022\/03\/pias-230x230.png 230w\" sizes=\"(max-width: 284px) 100vw, 284px\" \/>\t\t\t\t\t\t\t\t\t\t\t\t\t\t\t<\/div>\n\t\t\t\t<\/div>\n\t\t\t\t\t<\/div>\n\t\t<\/div>\n\t\t\t\t\t<\/div>\n\t\t<\/section>\n\t\t\t\t\t<\/div>\n\t\t<\/div>\n\t\t\t\t\t<\/div>\n\t\t<\/section>\n\t\t\t\t<section class=\"elementor-section elementor-top-section elementor-element elementor-element-7e44d65 elementor-section-full_width elementor-section-content-middle elementor-reverse-mobile elementor-section-height-default elementor-section-height-default\" data-id=\"7e44d65\" data-element_type=\"section\" data-e-type=\"section\">\n\t\t\t\t\t\t<div class=\"elementor-container elementor-column-gap-default\">\n\t\t\t\t\t<div class=\"elementor-column elementor-col-50 elementor-top-column elementor-element elementor-element-2e9ec83\" data-id=\"2e9ec83\" data-element_type=\"column\" data-e-type=\"column\" data-settings=\"{&quot;background_background&quot;:&quot;classic&quot;}\">\n\t\t\t<div class=\"elementor-widget-wrap elementor-element-populated\">\n\t\t\t\t\t\t<section class=\"elementor-section elementor-inner-section elementor-element elementor-element-604d9a6 elementor-section-boxed elementor-section-height-default elementor-section-height-default\" data-id=\"604d9a6\" data-element_type=\"section\" data-e-type=\"section\">\n\t\t\t\t\t\t<div class=\"elementor-container elementor-column-gap-default\">\n\t\t\t\t\t<div class=\"elementor-column elementor-col-100 elementor-inner-column elementor-element elementor-element-1165fab\" data-id=\"1165fab\" data-element_type=\"column\" data-e-type=\"column\">\n\t\t\t<div class=\"elementor-widget-wrap elementor-element-populated\">\n\t\t\t\t\t\t<div class=\"elementor-element elementor-element-c544176 elementor-widget elementor-widget-heading\" data-id=\"c544176\" data-element_type=\"widget\" data-e-type=\"widget\" data-widget_type=\"heading.default\">\n\t\t\t\t<div class=\"elementor-widget-container\">\n\t\t\t\t\t<div class=\"elementor-heading-title elementor-size-default\">Tudo para sua comodidade<\/div>\t\t\t\t<\/div>\n\t\t\t\t<\/div>\n\t\t\t\t\t<\/div>\n\t\t<\/div>\n\t\t\t\t\t<\/div>\n\t\t<\/section>\n\t\t\t\t\t<\/div>\n\t\t<\/div>\n\t\t\t\t<div class=\"elementor-column elementor-col-50 elementor-top-column elementor-element elementor-element-c4dc782\" data-id=\"c4dc782\" data-element_type=\"column\" data-e-type=\"column\" data-settings=\"{&quot;background_background&quot;:&quot;classic&quot;}\">\n\t\t\t<div class=\"elementor-widget-wrap elementor-element-populated\">\n\t\t\t\t\t\t<section class=\"elementor-section elementor-inner-section elementor-element elementor-element-a57b3d4 elementor-section-boxed elementor-section-height-default elementor-section-height-default\" data-id=\"a57b3d4\" data-element_type=\"section\" data-e-type=\"section\">\n\t\t\t\t\t\t<div class=\"elementor-container elementor-column-gap-default\">\n\t\t\t\t\t<div class=\"elementor-column elementor-col-100 elementor-inner-column elementor-element elementor-element-b260dba\" data-id=\"b260dba\" data-element_type=\"column\" data-e-type=\"column\">\n\t\t\t<div class=\"elementor-widget-wrap elementor-element-populated\">\n\t\t\t\t\t\t<div class=\"elementor-element elementor-element-8a44193 elementor-widget elementor-widget-heading\" data-id=\"8a44193\" data-element_type=\"widget\" data-e-type=\"widget\" data-widget_type=\"heading.default\">\n\t\t\t\t<div class=\"elementor-widget-container\">\n\t\t\t\t\t<h2 class=\"elementor-heading-title elementor-size-default\">Prote\u00e7\u00e3o de Pia<\/h2>\t\t\t\t<\/div>\n\t\t\t\t<\/div>\n\t\t\t\t\t<\/div>\n\t\t<\/div>\n\t\t\t\t\t<\/div>\n\t\t<\/section>\n\t\t\t\t\t<\/div>\n\t\t<\/div>\n\t\t\t\t\t<\/div>\n\t\t<\/section>\n\t\t\t\t<section class=\"elementor-section elementor-top-section elementor-element elementor-element-fd79d14 elementor-section-boxed elementor-section-height-default elementor-section-height-default\" data-id=\"fd79d14\" data-element_type=\"section\" data-e-type=\"section\" data-settings=\"{&quot;animation&quot;:&quot;none&quot;,&quot;background_background&quot;:&quot;classic&quot;}\">\n\t\t\t\t\t\t<div class=\"elementor-container elementor-column-gap-default\">\n\t\t\t\t\t<div class=\"elementor-column elementor-col-50 elementor-top-column elementor-element elementor-element-8500226\" data-id=\"8500226\" data-element_type=\"column\" data-e-type=\"column\">\n\t\t\t<div class=\"elementor-widget-wrap elementor-element-populated\">\n\t\t\t\t\t\t<div class=\"elementor-element elementor-element-c86c416 elementor-widget elementor-widget-heading\" data-id=\"c86c416\" data-element_type=\"widget\" data-e-type=\"widget\" data-widget_type=\"heading.default\">\n\t\t\t\t<div class=\"elementor-widget-container\">\n\t\t\t\t\t<h3 class=\"elementor-heading-title elementor-size-default\">Prote\u00e7\u00e3o para pia - Lisa<\/h3>\t\t\t\t<\/div>\n\t\t\t\t<\/div>\n\t\t\t\t<div class=\"elementor-element elementor-element-cf48a70 elementor-widget elementor-widget-text-editor\" data-id=\"cf48a70\" data-element_type=\"widget\" data-e-type=\"widget\" data-widget_type=\"text-editor.default\">\n\t\t\t\t<div class=\"elementor-widget-container\">\n\t\t\t\t\t\t\t\t\t<div>Prote\u00e7\u00e3o com tamanho de 1,20 m.,<br \/>bordas 1 cm, 1,3 cm, 1,5 cm, 1,8 cm e 2 cm.<\/div><div>\u00a0<\/div><div><strong>Refer\u00eancia \/ Medida:<\/strong><\/div><p>Alum\u00ednio &#8211; 1,20M\u00a0 2 CM 1,20 MTS AL 120\u00a0 2CM<br \/>Alum\u00ednio &#8211; 1,20M\u00a0 1,5 CM 1,20 MTS AL 120\u00a0 1,5CM<br \/>Alum\u00ednio &#8211; 1,20M\u00a0 1,3 CM 1,20 MTS AL 120\u00a0 1,3CM<br \/>Alum\u00ednio &#8211; 1,20M\u00a0 \u00a0BF 1CM 1,20 MTS AL 120\u00a0 BFF<br \/>Alum\u00ednio &#8211; 1,20M\u00a0 BF FINA CM 1,20 MTS AL 120\u00a0 BFF<br \/>Alum\u00ednio &#8211; 1,60M\u00a0 2 CM 1,60 MTS AL 160\u00a0 2CM<br \/>Alum\u00ednio &#8211; 1,60M\u00a0 1,5 CM 1,60 MTS AL 160\u00a0 1,5CM<br \/>Alum\u00ednio &#8211; 1,60M\u00a0 1,3 CM 1,60 MTS AL 160\u00a0 1,3CM<br \/>Alum\u00ednio &#8211; 1,600M\u00a0 \u00a0BF 1CM 1,60 MTS AL 160\u00a0 BFF<br \/>Alum\u00ednio &#8211; 1,60M\u00a0 BF FINA CM 1,60 MTS AL 160\u00a0 BFF<br \/>Inox &#8211; 1,20M\u00a0 2 CM 1,20 MTS IN\u00a0 120\u00a0 2CM<br \/>Inox &#8211; 1,20M\u00a0 1,5 CM 1,20 MTS IN\u00a0 120\u00a0 1,5CM<br \/>Inox &#8211; 1,20M\u00a0 1,3 CM 1,20 MTS IN\u00a0 120\u00a0 1,3CM<br \/>Inox &#8211; 1,20M\u00a0 \u00a0BF 1CM 1,20 MTS IN\u00a0 120\u00a0 BFF<br \/>Inox &#8211; 1,20M\u00a0 BF FINA CM 1,20 MTS IN\u00a0 120\u00a0 BFF<br \/>Inox &#8211; 1,60M\u00a0 2 CM 1,60 MTS IN\u00a0 160\u00a0 2CM<br \/>Inox &#8211; 1,60M\u00a0 1,5 CM 1,60 MTS IN\u00a0 160\u00a0 1,5CM<br \/>Inox &#8211; 1,60M\u00a0 1,3 CM 1,60 MTS IN\u00a0 160\u00a0 1,3CM<br \/>Inox &#8211; 1,600M\u00a0 \u00a0BF 1CM 1,60 MTS IN\u00a0 160\u00a0 BFF<br \/>Inox &#8211; 1,60M\u00a0 BF FINA CM 1,60 MTS IN\u00a0 160\u00a0 BFF<\/p>\t\t\t\t\t\t\t\t<\/div>\n\t\t\t\t<\/div>\n\t\t\t\t\t<\/div>\n\t\t<\/div>\n\t\t\t\t<div class=\"elementor-column elementor-col-50 elementor-top-column elementor-element elementor-element-45906c8\" data-id=\"45906c8\" data-element_type=\"column\" data-e-type=\"column\">\n\t\t\t<div class=\"elementor-widget-wrap elementor-element-populated\">\n\t\t\t\t\t\t<div class=\"elementor-element elementor-element-4906e0b elementor-widget elementor-widget-image\" data-id=\"4906e0b\" data-element_type=\"widget\" data-e-type=\"widget\" data-widget_type=\"image.default\">\n\t\t\t\t<div class=\"elementor-widget-container\">\n\t\t\t\t\t\t\t\t\t\t\t\t\t\t\t\t<a href=\"https:\/\/metaladm.com.br\/site\/wp-content\/uploads\/2019\/11\/prot.jpg\" data-elementor-open-lightbox=\"yes\" data-elementor-lightbox-title=\"prot\" data-e-action-hash=\"#elementor-action%3Aaction%3Dlightbox%26settings%3DeyJpZCI6NjE0LCJ1cmwiOiJodHRwczpcL1wvbWV0YWxhZG0uY29tLmJyXC9zaXRlXC93cC1jb250ZW50XC91cGxvYWRzXC8yMDE5XC8xMVwvcHJvdC5qcGcifQ%3D%3D\">\n\t\t\t\t\t\t\t<img decoding=\"async\" width=\"480\" height=\"360\" src=\"https:\/\/metaladm.com.br\/site\/wp-content\/uploads\/2019\/11\/prot-480x360.jpg\" class=\"attachment-sydney-mas-thumb size-sydney-mas-thumb wp-image-614\" alt=\"\" srcset=\"https:\/\/metaladm.com.br\/site\/wp-content\/uploads\/2019\/11\/prot-480x360.jpg 480w, https:\/\/metaladm.com.br\/site\/wp-content\/uploads\/2019\/11\/prot-300x225.jpg 300w, https:\/\/metaladm.com.br\/site\/wp-content\/uploads\/2019\/11\/prot-768x576.jpg 768w, https:\/\/metaladm.com.br\/site\/wp-content\/uploads\/2019\/11\/prot-500x375.jpg 500w, https:\/\/metaladm.com.br\/site\/wp-content\/uploads\/2019\/11\/prot-230x173.jpg 230w, https:\/\/metaladm.com.br\/site\/wp-content\/uploads\/2019\/11\/prot-350x263.jpg 350w, https:\/\/metaladm.com.br\/site\/wp-content\/uploads\/2019\/11\/prot.jpg 800w\" sizes=\"(max-width: 480px) 100vw, 480px\" \/>\t\t\t\t\t\t\t\t<\/a>\n\t\t\t\t\t\t\t\t\t\t\t\t\t\t\t<\/div>\n\t\t\t\t<\/div>\n\t\t\t\t\t<\/div>\n\t\t<\/div>\n\t\t\t\t\t<\/div>\n\t\t<\/section>\n\t\t\t\t<\/div>\n\t\t","protected":false},"excerpt":{"rendered":"<p>Tudo para sua comodidade Prote\u00e7\u00e3o de Pia Prote\u00e7\u00e3o para pia &#8211; Lisa Prote\u00e7\u00e3o com tamanho de 1,20 m.,bordas 1 cm, 1,3 cm, [&hellip;]<\/p>\n","protected":false},"author":10,"featured_media":0,"parent":0,"menu_order":0,"comment_status":"closed","ping_status":"closed","template":"page-templates\/page_fullwidth.php","meta":{"_vp_format_video_url":"","_vp_image_focal_point":[],"footnotes":""},"class_list":["post-611","page","type-page","status-publish","hentry"],"_links":{"self":[{"href":"https:\/\/metaladm.com.br\/site\/wp-json\/wp\/v2\/pages\/611","targetHints":{"allow":["GET"]}}],"collection":[{"href":"https:\/\/metaladm.com.br\/site\/wp-json\/wp\/v2\/pages"}],"about":[{"href":"https:\/\/metaladm.com.br\/site\/wp-json\/wp\/v2\/types\/page"}],"author":[{"embeddable":true,"href":"https:\/\/metaladm.com.br\/site\/wp-json\/wp\/v2\/users\/10"}],"replies":[{"embeddable":true,"href":"https:\/\/metaladm.com.br\/site\/wp-json\/wp\/v2\/comments?post=611"}],"version-history":[{"count":33,"href":"https:\/\/metaladm.com.br\/site\/wp-json\/wp\/v2\/pages\/611\/revisions"}],"predecessor-version":[{"id":1906,"href":"https:\/\/metaladm.com.br\/site\/wp-json\/wp\/v2\/pages\/611\/revisions\/1906"}],"wp:attachment":[{"href":"https:\/\/metaladm.com.br\/site\/wp-json\/wp\/v2\/media?parent=611"}],"curies":[{"name":"wp","href":"https:\/\/api.w.org\/{rel}","templated":true}]}}